{"id":7943,"date":"2024-11-11T19:07:37","date_gmt":"2024-11-12T01:07:37","guid":{"rendered":"https:\/\/caminatasalchirripo.com\/tours\/"},"modified":"2025-01-08T16:02:35","modified_gmt":"2025-01-08T22:02:35","slug":"tours-to-cerro-chirripo","status":"publish","type":"page","link":"https:\/\/caminatasalchirripo.com\/en\/tours-to-cerro-chirripo\/","title":{"rendered":"Tours"},"content":{"rendered":"\t\t<div data-elementor-type=\"wp-page\" data-elementor-id=\"7943\" class=\"elementor elementor-7943 elementor-6203\">\n\t\t\t\t\t\t<section class=\"elementor-section elementor-top-section elementor-element elementor-element-8a054aa elementor-section-full_width elementor-section-height-default elementor-section-height-default\" data-id=\"8a054aa\" data-element_type=\"section\">\n\t\t\t\t\t\t<div class=\"elementor-container elementor-column-gap-default\">\n\t\t\t\t\t<div class=\"elementor-column elementor-col-100 elementor-top-column elementor-element elementor-element-1342b1d\" data-id=\"1342b1d\" data-element_type=\"column\">\n\t\t\t<div class=\"elementor-widget-wrap elementor-element-populated\">\n\t\t\t\t\t\t<div class=\"elementor-element elementor-element-bd2d8ae elementor-widget elementor-widget-amping_services_v2\" data-id=\"bd2d8ae\" data-element_type=\"widget\" data-widget_type=\"amping_services_v2.default\">\n\t\t\t\t<div class=\"elementor-widget-container\">\n\t\t\t\t\t\t\n\t<!-- activities-page-section -->\n\t<section class=\"activities-page-section sec-pad centred\">\n\t\t<div class=\"auto-container\">\n\t\t\t<div class=\"row clearfix\">\n\t\t\t\t\t\t\t\t<div class=\"col-lg-4 col-md-6 col-sm-12 activities-block\">\n\t\t\t\t\t<div class=\"activities-block-one wow fadeInUp animated\" data-wow-delay=\"00ms\" data-wow-duration=\"1500ms\">\n\t\t\t\t\t\t<div class=\"inner-box\">\n\t\t\t\t\t\t\t<div class=\"image-box\"><a href=\"\/service\/cerro-chirripo-express-tour-de-1-dia\/\"><img decoding=\"async\" width=\"370\" height=\"253\" src=\"https:\/\/caminatasalchirripo.com\/wp-content\/uploads\/2023\/05\/317d5ebc-b528-4043-860e-38fefc189211-370x253.jpg\" class=\"attachment-amping_370x253 size-amping_370x253 wp-post-image\" alt=\"Cerro Chirrip\u00f3 Express - Tour de 1 d\u00eda - Portada\" \/><\/a><\/div>\n\t\t\t\t\t\t\t<div class=\"lower-content\">\n\t\t\t\t\t\t\t\t<div class=\"icon-box\">\n\t\t\t\t\t\t\t\t\t<div class=\"shape\" style=\"background-image: url(https:\/\/caminatasalchirripo.com\/wp-content\/themes\/amping\/assets\/images\/shape\/shape-5.png);\"><\/div>\n\t\t\t\t\t\t\t\t\t<div class=\"overlay-shape\" style=\"background-image: url(https:\/\/caminatasalchirripo.com\/wp-content\/themes\/amping\/assets\/images\/shape\/shape-6.png);\"><\/div>\n\t\t\t\t\t\t\t\t\t<i class=\"fa fa-hiking\"><\/i>\n\t\t\t\t\t\t\t\t<\/div>\n\t\t\t\t\t\t\t\t<h2><a href=\"\/service\/cerro-chirripo-express-tour-de-1-dia\/\">Cerro Chirrip\u00f3 Express &#8211; 1 day hike Chirrip\u00f3<\/a><\/h2>\n\t\t\t\t\t\t\t\t<p>&nbsp; Distance 39.2 km round trip &nbsp; Time 16-18 horas &nbsp; Difficulty level Hight Tour Description &nbsp; Day 1 \u2013 We will travel to the community of San Gerardo. To begin, you must travel by your own vehicle or by bus to the community of San Gerardo de Rivas, as this is where our adventure starts. &nbsp; Once in San Gerardo de Rivas First of all, all visitors must register in person the day before entering the park at the MINAE Administrative Offices, located in San Gerardo de Rivas, P\u00e9rez Zeled\u00f3n. Registration hours are from 8:00 a.m. to 12:00 p.m. and from 1:00 p.m. to 3:00 p.m. You must present your ID card (or passport for foreign visitors), along with your reservation code (Caminatas al Chirrip\u00f3 will provide you with this code). Estimated registration time: 30 minutes &nbsp; Pack your bags and rest After registering at SINAC, you can check in at the assigned accommodation. Then, if you wish, you can explore the community by visiting the waterfalls, taking a cheese tour, or going to the hot springs. Alternatively, if you prefer to rest and prepare everything needed for this incredible adventure, that is also a good option. Chirrip\u00f3 Express &nbsp; Start of the hike \u2013 San Gerardo \u2013 Base Crestones \u2013 Summit of Cerro Chirrip\u00f3 First, the hike will begin through private properties, which allow access to the park boundary, where the main trail to the summit starts. It is very important to start this section from 3 a.m. onward. &nbsp; Arrival at Llano Bonito \u2013 Kilometer 7.5 After the first 4 hours of hiking, you will arrive at kilometer 7.5, called Llano Bonito. This is a place where you can have a snack, rest, and use the restroom facilities. This will be your first access point to refill your water bottles with potable water. Closer and closer to Chirrip\u00f3 &nbsp; Llegada al Refugio Base Crestones First of all, be proud of your great progress and rest as much as needed. Refill your water bottles at the taps in the refuge\u2019s restaurant area. Then, continue walking at your own pace for 5.1 km until you reach the summit. The estimated time to hike from the refuge to the summit is 2 to 3 hours. &nbsp; Conquer the summit of Chirrip\u00f3 Next, once you have conquered the highest point in our country, definitely take out your camera for that long-awaited photo at the sign. Sign the guestbook and enjoy the view of the lagoons. Absolutely take a well-deserved rest, recharge your energy, and then begin the descent back to the Base Crestones refuge &nbsp; Descent from Base Crestones to San Gerardo After arriving at the refuge, there is the possibility to buy snacks and coffee. Rest as needed, and try to leave before 10 a.m. The descent will take approximately 6 to 8 hours, depending on your physical condition We did it! &nbsp; Goal achieved Finally, after a long day, arriving at kilometer 0, everything will feel unreal. We made it! We climbed to the highest point in Costa Rica. Now, let\u2019s take a shower and have lunch. And with that, we conclude the mission, returning to our homes. &nbsp; &nbsp; &nbsp; &nbsp; &nbsp; &nbsp; &nbsp; Booking Requirements The booking requirements are detailed below: Dates you wish to hike Chirrip\u00f3. Number of group members. Full name and passport or ID number. 100% deposit of the selected package. Be 100% sure that you will be able to make the ascent. Be in excellent physical condition. Nuestras tarifas incluyen Entrance and admission to the National Park. Accommodation the night before the ascent, located in the community of San Gerardo de Rivas. Virtual assistance. Tips and recommendation Certificate of participation. INS policies. Not included Transportation from your place of residence to San Gerardo de Rivas. Internal transportation from San Gerardo to the park entrance. Hot drinks or meals inside the park. Option to hire a guide during the hike. How to get there? Click here to see all the details and information on our blog. Recomendations In our recommendations blog, we have everything you need to know for this adventure.\u00a0Click aqu\u00ed. Rates Prices available at our direct link to WhatsApp +506 8456 8585 The booking requirements are detailed below: Dates you wish to hike Chirrip\u00f3. Number of group members. Full name and passport or ID number. 100% deposit of the selected package. Be 100% sure that you will be able to make the ascent. Be in excellent physical condition. Entrance and admission to the National Park. Accommodation the night before the ascent, located in the community of San Gerardo de Rivas. Virtual assistance. Tips and recommendation Certificate of participation. INS policies. Transportation from your place of residence to San Gerardo de Rivas. Internal transportation from San Gerardo to the park entrance. Hot drinks or meals inside the park. Option to hire a guide during the hike. Click here to see all the details and information on our blog. In our recommendations blog, we have everything you need to know for this adventure.\u00a0Click aqu\u00ed. Prices available at our direct link to WhatsApp +506 8456 8585 The journey begins with one step Chirrip\u00f3 Hikes will make your experience as safe, comfortable, and informative as possible If you would like more information about this tour, please contact us Call us +506 8456-8585 JanuaryFebruaryMarchAprilMayJuneJulyAugustSeptemberOctoberNovemberDecember 1 Person2 People3 People4 People5 People6 People7 People8 People Send Message \u0394<\/p>\n\t\t\t\t\t\t\t\t<div class=\"link\"><a href=\"\/service\/cerro-chirripo-express-tour-de-1-dia\/\">READ MORE<\/a><\/div>\n\t\t\t\t\t\t\t<\/div>\n\t\t\t\t\t\t<\/div>\n\t\t\t\t\t<\/div>\n\t\t\t\t<\/div>\n\t\t\t\t\t\t\t<\/div>\n\t\t<\/div>\n\t<\/section>\n\t<!-- activities-page-section end -->\n        \n\t\t\t\t\t<\/div>\n\t\t\t\t<\/div>\n\t\t\t\t\t<\/div>\n\t\t<\/div>\n\t\t\t\t\t<\/div>\n\t\t<\/section>\n\t\t\t\t<\/div>\n\t\t","protected":false},"excerpt":{"rendered":"<p>Cerro Chirrip\u00f3 \u2013 4 D\u00edas 3 Noches Distancia 14,5 km al refugio Ascenso 8-10 Hrs Ascenso Descenso 4-5 Hrs Descenso Nivel Medio Descripci\u00f3n del tour Registro #1 en San Gerardo de Rivas\u200b En primer lugar, todo turista necesita registrarse el d\u00eda antes de ingresar al parque en las Oficinas Administrativas del MINAE, que se encuentran ubicadas en San Gerardo de Rivas de P\u00e9rez Zeled\u00f3n. Este registro es de manera personal, debe realizarse en el transcurso de 8 am a 12:00 md y de 1:00 pm a 3:00 pm. Debe presentar la c\u00e9dula de identidad o (pasaporte en caso de extranjeros) junto con el c\u00f3digo de reservaci\u00f3n (Caminatas &#8230; Leer m\u00e1s Cerro Chirrip\u00f3 \u2013 3 D\u00edas 2 Noches Distancia 40 km ida y vuelta Ascenso 8-10 Hrs Ascenso Descenso 4-5 Hrs Descenso Nivel Medio Descripci\u00f3n del tour Registro #1 3:00pm: En primer lugar, todo turista necesita registrarse el d\u00eda antes de ingresar al parque en las Oficinas Administrativas del MINAE, que se encuentran ubicadas en San Gerardo de Rivas de P\u00e9rez Zeled\u00f3n. Este registro es de manera personal, debe realizarse en el transcurso de 8 am a 12:00 md y de 1:00 pm a 3:00 pm. Debe presentar la c\u00e9dula de identidad o (pasaporte en caso de extranjeros) junto con el c\u00f3digo de reservaci\u00f3n (Caminatas al Chirrip\u00f3 es &#8230; Leer m\u00e1s Cerro Chirrip\u00f3 Express \u2013 Tour de 1 d\u00eda Distancia 39.2 km ida y vuelta Duraci\u00f3n 16-18 horas Nivel Alto Descripci\u00f3n del tour D\u00eda 1 &#8211; Viajeremos hasta la Comunidad de San Gerardo Para iniciar, usted deber\u00e1 trasladarse en su veh\u00edculo o en bus, hasta la comunidad de San Gerardo de Rivas. Ya que desde aqu\u00ed, ser\u00e1 donde empieza nuestra aventura. Una vez en San Gerardo de Rivas Primeramente, comenzaremos con el registro, en las oficinas administrativas del SINAC, que es lo m\u00e1s importante. Ya que esto nos permitir\u00e1 adquirir el permiso para ingresar. Es por esta raz\u00f3n que, todo turista necesita registrarse de manera obligatoria, el d\u00eda antes &#8230; Leer m\u00e1s Ruta San Jer\u00f3nimo Chirrip\u00f3 \u2013 4 d\u00edas 3 noches Distancia 14,5 km ida al refugio Base Crestones Duraci\u00f3n 4 d\u00edas &#8211; 3 noches Nivel Alto Viajando a San Jer\u00f3nimo D\u00eda 1 &#8211; Llegada a la Comunidad de San Jer\u00f3nimo En primer lugar, nos transladaremos hasta la comunidad de San Jer\u00f3nimo de San Pedro. Una vez llegados a la comunidad, se har\u00e1 el registro correspondiente en la oficina de Aturena. Los cuales son los encargados de realizar todo el check in, para el ingreso al parque por la Ruta San Jer\u00f3nimo Chirrip\u00f3. Seguidamente, se dejar\u00e1 el equipaje de aquellas personas que desean contratar el servicio de arrieros y porteadores. Por &#8230; Leer m\u00e1s Ruta \u00daran Chirrip\u00f3 \u2013 4 d\u00edas 3 noches Distancia 38 km Duraci\u00f3n 4 d\u00edas &#8211; 3 noches Nivel Alto Descripci\u00f3n del tour D\u00eda 1 &#8211; Llegada a San Gerardo- Registro en el parque En primer lugar, todo turista debe llegar a San Gerardo de Rivas antes de las 3pm. Una vez en la comunidad, se necesita hacer el registro en las oficinas administrativas del MINAE. Adem\u00e1s, este registro es obligatorio y personal. Ahora bien, se deber\u00e1 presentar la c\u00e9dula de identidad o pasaporte vigente y buen estado. Durante el registro, se les har\u00e1 la entrega de los tiquetes que permiten la estad\u00eda en el parque. Seguidamente, una vez &#8230; Leer m\u00e1s Tour Cerro Ena \u2013 3 d\u00edas 2 noches Distancia 24 km Duraci\u00f3n 3 d\u00edas &#8211; 2 noches Nivel Medio Descripci\u00f3n del tour D\u00eda 1 &#8211; Llegada a San Jer\u00f3nimo Primeramente nos trasladarnos del lugar de residencia a San Jer\u00f3nimo. Una vez llegada a la comunidad, se har\u00e1 el registro correspondiente en la oficina de Aturena. Adem\u00e1s, se entregar\u00e1n las maletas con el equipaje para aquellos que deseen contratar el servicio con los arrieros y porteadores. Seguidamente, se conocer\u00e1 el gu\u00eda y se coordinar\u00e1 la hora de salida para Ena. D\u00eda 2 &#8211; Inicio de Caminata San Jer\u00f3nimo &#8211; Refugio Cerro Ena Para empezar, un transporte local nos llevar\u00e1 &#8230; Leer m\u00e1s<\/p>\n","protected":false},"author":1,"featured_media":0,"parent":0,"menu_order":0,"comment_status":"closed","ping_status":"closed","template":"tpl-default-elementor.php","meta":{"_joinchat":[],"footnotes":""},"class_list":["post-7943","page","type-page","status-publish","hentry"],"yoast_head":"<!-- This site is optimized with the Yoast SEO plugin v26.3 - https:\/\/yoast.com\/wordpress\/plugins\/seo\/ -->\n<title>Tours Cerro Chirrip\u00f3 in Costa Rica<\/title>\n<meta name=\"description\" content=\"Tours Cerro Chirrip\u00f3 in Costa Rica. Explore the highest peak in Costa Rica with our incredible tours to Cerro Chirrip\u00f3.\" \/>\n<meta name=\"robots\" content=\"index, follow, max-snippet:-1, max-image-preview:large, max-video-preview:-1\" \/>\n<link rel=\"canonical\" href=\"https:\/\/caminatasalchirripo.com\/en\/tours-to-cerro-chirripo\/\" \/>\n<meta property=\"og:locale\" content=\"en_US\" \/>\n<meta property=\"og:type\" content=\"article\" \/>\n<meta property=\"og:title\" content=\"Tours Cerro Chirrip\u00f3 in Costa Rica\" \/>\n<meta property=\"og:description\" content=\"Tours Cerro Chirrip\u00f3 in Costa Rica. Explore the highest peak in Costa Rica with our incredible tours to Cerro Chirrip\u00f3.\" \/>\n<meta property=\"og:url\" content=\"https:\/\/caminatasalchirripo.com\/en\/tours-to-cerro-chirripo\/\" \/>\n<meta property=\"og:site_name\" content=\"Caminatas al Chirrip\u00f3\" \/>\n<meta property=\"article:publisher\" content=\"https:\/\/www.facebook.com\/camialchirripo\/\" \/>\n<meta property=\"article:modified_time\" content=\"2025-01-08T22:02:35+00:00\" \/>\n<meta property=\"og:image\" content=\"http:\/\/caminatasalchirripo.com\/wp-content\/uploads\/2024\/11\/3e64012e-cb67-491a-9907-e7433b89f0ef-605x605-1-370x253.webp\" \/>\n<meta name=\"twitter:card\" content=\"summary_large_image\" \/>\n<meta name=\"twitter:label1\" content=\"Est. reading time\" \/>\n\t<meta name=\"twitter:data1\" content=\"5 minutes\" \/>\n<script type=\"application\/ld+json\" class=\"yoast-schema-graph\">{\"@context\":\"https:\/\/schema.org\",\"@graph\":[{\"@type\":\"WebPage\",\"@id\":\"https:\/\/caminatasalchirripo.com\/en\/tours-to-cerro-chirripo\/\",\"url\":\"https:\/\/caminatasalchirripo.com\/en\/tours-to-cerro-chirripo\/\",\"name\":\"Tours Cerro Chirrip\u00f3 in Costa Rica\",\"isPartOf\":{\"@id\":\"https:\/\/caminatasalchirripo.com\/en\/#website\"},\"primaryImageOfPage\":{\"@id\":\"https:\/\/caminatasalchirripo.com\/en\/tours-to-cerro-chirripo\/#primaryimage\"},\"image\":{\"@id\":\"https:\/\/caminatasalchirripo.com\/en\/tours-to-cerro-chirripo\/#primaryimage\"},\"thumbnailUrl\":\"http:\/\/caminatasalchirripo.com\/wp-content\/uploads\/2024\/11\/3e64012e-cb67-491a-9907-e7433b89f0ef-605x605-1-370x253.webp\",\"datePublished\":\"2024-11-12T01:07:37+00:00\",\"dateModified\":\"2025-01-08T22:02:35+00:00\",\"description\":\"Tours Cerro Chirrip\u00f3 in Costa Rica. Explore the highest peak in Costa Rica with our incredible tours to Cerro Chirrip\u00f3.\",\"breadcrumb\":{\"@id\":\"https:\/\/caminatasalchirripo.com\/en\/tours-to-cerro-chirripo\/#breadcrumb\"},\"inLanguage\":\"en-US\",\"potentialAction\":[{\"@type\":\"ReadAction\",\"target\":[\"https:\/\/caminatasalchirripo.com\/en\/tours-to-cerro-chirripo\/\"]}]},{\"@type\":\"ImageObject\",\"inLanguage\":\"en-US\",\"@id\":\"https:\/\/caminatasalchirripo.com\/en\/tours-to-cerro-chirripo\/#primaryimage\",\"url\":\"http:\/\/caminatasalchirripo.com\/wp-content\/uploads\/2024\/11\/3e64012e-cb67-491a-9907-e7433b89f0ef-605x605-1-370x253.webp\",\"contentUrl\":\"http:\/\/caminatasalchirripo.com\/wp-content\/uploads\/2024\/11\/3e64012e-cb67-491a-9907-e7433b89f0ef-605x605-1-370x253.webp\"},{\"@type\":\"BreadcrumbList\",\"@id\":\"https:\/\/caminatasalchirripo.com\/en\/tours-to-cerro-chirripo\/#breadcrumb\",\"itemListElement\":[{\"@type\":\"ListItem\",\"position\":1,\"name\":\"Portada\",\"item\":\"https:\/\/caminatasalchirripo.com\/en\/\"},{\"@type\":\"ListItem\",\"position\":2,\"name\":\"Tours\"}]},{\"@type\":\"WebSite\",\"@id\":\"https:\/\/caminatasalchirripo.com\/en\/#website\",\"url\":\"https:\/\/caminatasalchirripo.com\/en\/\",\"name\":\"Caminatas al Chirrip\u00f3\",\"description\":\"Tours de senderismo al Cerro Chirrip\u00f3\",\"publisher\":{\"@id\":\"https:\/\/caminatasalchirripo.com\/en\/#organization\"},\"potentialAction\":[{\"@type\":\"SearchAction\",\"target\":{\"@type\":\"EntryPoint\",\"urlTemplate\":\"https:\/\/caminatasalchirripo.com\/en\/?s={search_term_string}\"},\"query-input\":{\"@type\":\"PropertyValueSpecification\",\"valueRequired\":true,\"valueName\":\"search_term_string\"}}],\"inLanguage\":\"en-US\"},{\"@type\":\"Organization\",\"@id\":\"https:\/\/caminatasalchirripo.com\/en\/#organization\",\"name\":\"Caminatas al Chirrip\u00f3\",\"url\":\"https:\/\/caminatasalchirripo.com\/en\/\",\"logo\":{\"@type\":\"ImageObject\",\"inLanguage\":\"en-US\",\"@id\":\"https:\/\/caminatasalchirripo.com\/en\/#\/schema\/logo\/image\/\",\"url\":\"https:\/\/caminatasalchirripo.com\/wp-content\/uploads\/2024\/11\/cropped-Favicon-Caminatas-al-Chirripo-Color-1.png\",\"contentUrl\":\"https:\/\/caminatasalchirripo.com\/wp-content\/uploads\/2024\/11\/cropped-Favicon-Caminatas-al-Chirripo-Color-1.png\",\"width\":250,\"height\":250,\"caption\":\"Caminatas al Chirrip\u00f3\"},\"image\":{\"@id\":\"https:\/\/caminatasalchirripo.com\/en\/#\/schema\/logo\/image\/\"},\"sameAs\":[\"https:\/\/www.facebook.com\/camialchirripo\/\"]}]}<\/script>\n<!-- \/ Yoast SEO plugin. -->","yoast_head_json":{"title":"Tours Cerro Chirrip\u00f3 in Costa Rica","description":"Tours Cerro Chirrip\u00f3 in Costa Rica. Explore the highest peak in Costa Rica with our incredible tours to Cerro Chirrip\u00f3.","robots":{"index":"index","follow":"follow","max-snippet":"max-snippet:-1","max-image-preview":"max-image-preview:large","max-video-preview":"max-video-preview:-1"},"canonical":"https:\/\/caminatasalchirripo.com\/en\/tours-to-cerro-chirripo\/","og_locale":"en_US","og_type":"article","og_title":"Tours Cerro Chirrip\u00f3 in Costa Rica","og_description":"Tours Cerro Chirrip\u00f3 in Costa Rica. Explore the highest peak in Costa Rica with our incredible tours to Cerro Chirrip\u00f3.","og_url":"https:\/\/caminatasalchirripo.com\/en\/tours-to-cerro-chirripo\/","og_site_name":"Caminatas al Chirrip\u00f3","article_publisher":"https:\/\/www.facebook.com\/camialchirripo\/","article_modified_time":"2025-01-08T22:02:35+00:00","og_image":[{"url":"http:\/\/caminatasalchirripo.com\/wp-content\/uploads\/2024\/11\/3e64012e-cb67-491a-9907-e7433b89f0ef-605x605-1-370x253.webp","type":"","width":"","height":""}],"twitter_card":"summary_large_image","twitter_misc":{"Est. reading time":"5 minutes"},"schema":{"@context":"https:\/\/schema.org","@graph":[{"@type":"WebPage","@id":"https:\/\/caminatasalchirripo.com\/en\/tours-to-cerro-chirripo\/","url":"https:\/\/caminatasalchirripo.com\/en\/tours-to-cerro-chirripo\/","name":"Tours Cerro Chirrip\u00f3 in Costa Rica","isPartOf":{"@id":"https:\/\/caminatasalchirripo.com\/en\/#website"},"primaryImageOfPage":{"@id":"https:\/\/caminatasalchirripo.com\/en\/tours-to-cerro-chirripo\/#primaryimage"},"image":{"@id":"https:\/\/caminatasalchirripo.com\/en\/tours-to-cerro-chirripo\/#primaryimage"},"thumbnailUrl":"http:\/\/caminatasalchirripo.com\/wp-content\/uploads\/2024\/11\/3e64012e-cb67-491a-9907-e7433b89f0ef-605x605-1-370x253.webp","datePublished":"2024-11-12T01:07:37+00:00","dateModified":"2025-01-08T22:02:35+00:00","description":"Tours Cerro Chirrip\u00f3 in Costa Rica. Explore the highest peak in Costa Rica with our incredible tours to Cerro Chirrip\u00f3.","breadcrumb":{"@id":"https:\/\/caminatasalchirripo.com\/en\/tours-to-cerro-chirripo\/#breadcrumb"},"inLanguage":"en-US","potentialAction":[{"@type":"ReadAction","target":["https:\/\/caminatasalchirripo.com\/en\/tours-to-cerro-chirripo\/"]}]},{"@type":"ImageObject","inLanguage":"en-US","@id":"https:\/\/caminatasalchirripo.com\/en\/tours-to-cerro-chirripo\/#primaryimage","url":"http:\/\/caminatasalchirripo.com\/wp-content\/uploads\/2024\/11\/3e64012e-cb67-491a-9907-e7433b89f0ef-605x605-1-370x253.webp","contentUrl":"http:\/\/caminatasalchirripo.com\/wp-content\/uploads\/2024\/11\/3e64012e-cb67-491a-9907-e7433b89f0ef-605x605-1-370x253.webp"},{"@type":"BreadcrumbList","@id":"https:\/\/caminatasalchirripo.com\/en\/tours-to-cerro-chirripo\/#breadcrumb","itemListElement":[{"@type":"ListItem","position":1,"name":"Portada","item":"https:\/\/caminatasalchirripo.com\/en\/"},{"@type":"ListItem","position":2,"name":"Tours"}]},{"@type":"WebSite","@id":"https:\/\/caminatasalchirripo.com\/en\/#website","url":"https:\/\/caminatasalchirripo.com\/en\/","name":"Caminatas al Chirrip\u00f3","description":"Tours de senderismo al Cerro Chirrip\u00f3","publisher":{"@id":"https:\/\/caminatasalchirripo.com\/en\/#organization"},"potentialAction":[{"@type":"SearchAction","target":{"@type":"EntryPoint","urlTemplate":"https:\/\/caminatasalchirripo.com\/en\/?s={search_term_string}"},"query-input":{"@type":"PropertyValueSpecification","valueRequired":true,"valueName":"search_term_string"}}],"inLanguage":"en-US"},{"@type":"Organization","@id":"https:\/\/caminatasalchirripo.com\/en\/#organization","name":"Caminatas al Chirrip\u00f3","url":"https:\/\/caminatasalchirripo.com\/en\/","logo":{"@type":"ImageObject","inLanguage":"en-US","@id":"https:\/\/caminatasalchirripo.com\/en\/#\/schema\/logo\/image\/","url":"https:\/\/caminatasalchirripo.com\/wp-content\/uploads\/2024\/11\/cropped-Favicon-Caminatas-al-Chirripo-Color-1.png","contentUrl":"https:\/\/caminatasalchirripo.com\/wp-content\/uploads\/2024\/11\/cropped-Favicon-Caminatas-al-Chirripo-Color-1.png","width":250,"height":250,"caption":"Caminatas al Chirrip\u00f3"},"image":{"@id":"https:\/\/caminatasalchirripo.com\/en\/#\/schema\/logo\/image\/"},"sameAs":["https:\/\/www.facebook.com\/camialchirripo\/"]}]}},"_links":{"self":[{"href":"https:\/\/caminatasalchirripo.com\/en\/wp-json\/wp\/v2\/pages\/7943","targetHints":{"allow":["GET"]}}],"collection":[{"href":"https:\/\/caminatasalchirripo.com\/en\/wp-json\/wp\/v2\/pages"}],"about":[{"href":"https:\/\/caminatasalchirripo.com\/en\/wp-json\/wp\/v2\/types\/page"}],"author":[{"embeddable":true,"href":"https:\/\/caminatasalchirripo.com\/en\/wp-json\/wp\/v2\/users\/1"}],"replies":[{"embeddable":true,"href":"https:\/\/caminatasalchirripo.com\/en\/wp-json\/wp\/v2\/comments?post=7943"}],"version-history":[{"count":2,"href":"https:\/\/caminatasalchirripo.com\/en\/wp-json\/wp\/v2\/pages\/7943\/revisions"}],"predecessor-version":[{"id":8684,"href":"https:\/\/caminatasalchirripo.com\/en\/wp-json\/wp\/v2\/pages\/7943\/revisions\/8684"}],"wp:attachment":[{"href":"https:\/\/caminatasalchirripo.com\/en\/wp-json\/wp\/v2\/media?parent=7943"}],"curies":[{"name":"wp","href":"https:\/\/api.w.org\/{rel}","templated":true}]}}